{"id":71,"date":"2021-10-04T13:05:00","date_gmt":"2021-10-04T11:05:00","guid":{"rendered":"https:\/\/weinhelp7.de\/WeingutBloeser\/?page_id=71"},"modified":"2021-10-04T13:05:01","modified_gmt":"2021-10-04T11:05:01","slug":"agb","status":"publish","type":"page","link":"https:\/\/weinhelp7.de\/WeingutBloeser\/agb\/","title":{"rendered":"AGB"},"content":{"rendered":"<p><!-- IBGHTML --><\/p>\n<p>Impressum<\/p>\n<p>Administrativer Ansprechpartner &amp; Domain-Eigner von:<br \/>www.weingutbloeser.de<\/p>\n<p>Anschrift:<br \/>Weingut Bl\u00f6ser<br \/>Bachstra\u00dfe 112<br \/>53639 K\u00f6nigswinter<\/p>\n<p>Germany<\/p>\n<p>Telefon:02223 3322<\/p>\n<p>Umsatzsteuer ID: DE 243 220 303<br \/>SteuerNr: 222 5851 0641<br \/>Mail: info(at)weingutbloeser.de<br \/>Inhaltlich Verantwortlicher gem\u00e4\u00df \u00a7 10 Absatz 3 MDStV: Weingut Bl\u00f6ser<\/p>\n<p>Unsere Aufsichtsbeh\u00f6rde ist:&nbsp;<\/p>\n<p>Minsterium f\u00fcr Umwelt, Landwirtschaft, Natur- und Verbraucherschutz des Landes Nordrhein-Westfalen<br \/><strong> <\/strong><\/p>\n<p>Schwannstra\u00dfe 13&nbsp; 40476 D\u00fcsseldorf<\/p>\n<p>Zust\u00e4ndige Kammer: Landwirtschaftskammer&nbsp;Nordrheinwestfalen \u2022 Gartenstra\u00dfe 11&nbsp; \u2022&nbsp;50756 K\u00f6ln&nbsp; <\/p>\n<p>Gesetzliche Grundlage unserer T\u00e4tigkeit: Weingesetz (WeinG)<\/p>\n<p><\/p>\n<p><strong>Allgemeine Gesch&auml;ftsbedingungen<\/strong><\/p>\n<p><\/p>\n<p><\/p>\n<p><strong>1.&nbsp;Geltungsbereich<\/strong><\/p>\n<p><\/p>\n<p><\/p>\n<p>F&uuml;r alle Bestellungen &uuml;ber unseren Online-Shop gelten die nachfolgenden AGB. Unser Online-Shop richtet sich ausschlie&szlig;lich an Verbraucher.<\/p>\n<p><\/p>\n<p>Verbraucher ist jede nat&uuml;rliche Person, die ein Rechtsgesch&auml;ft zu Zwecken abschlie&szlig;t, die &uuml;berwiegend weder ihrer gewerblichen noch ihrer selbst&auml;ndigen beruflichen T&auml;tigkeit zugerechnet werden k&ouml;nnen. Unternehmer ist eine nat&uuml;rliche oder juristische Person oder eine rechtsf&auml;hige Personengesellschaft, die bei Abschluss eines Rechtsgesch&auml;fts in Aus&uuml;bung ihrer gewerblichen oder selbst&auml;ndigen beruflichen T&auml;tigkeit handelt.<\/p>\n<p><\/p>\n<p><\/p>\n<p><\/p>\n<p><strong>2.&nbsp;Vertragspartner, Vertragsschluss, Korrekturm&ouml;glichkeiten<\/strong><\/p>\n<p><\/p>\n<p><\/p>\n<p>Der Kaufvertrag kommt zustande mit <\/p>\n<p>Weingut Bl\u00f6ser<br \/>Bachstra\u00dfe 112<br \/>53639 K\u00f6nigswinter<\/p>\n<p>Telefon: 02223 3322<br \/>Telefax: 02223 908301<br \/>info@weingutbloeser.de<\/p>\n<p><\/p>\n<p>Mit Einstellung der Produkte in den Online-Shop geben wir ein verbindliches Angebot zum Vertragsschluss &uuml;ber diese Artikel ab. Sie k&ouml;nnen unsere Produkte zun&auml;chst unverbindlich in den Warenkorb legen und Ihre Eingaben vor Absenden Ihrer verbindlichen Bestellung jederzeit korrigieren, indem Sie die hierf&uuml;r im Bestellablauf vorgesehenen und erl&auml;uterten Korrekturhilfen nutzen. Der Vertrag kommt zustande, indem Sie durch Anklicken des Bestellbuttons das Angebot &uuml;ber die im Warenkorb enthaltenen Waren annehmen. Unmittelbar nach dem Absenden der Bestellung erhalten Sie noch einmal eine Best&auml;tigung per E-Mail.<\/p>\n<p><\/p>\n<p><\/p>\n<p><\/p>\n<p><strong>3.&nbsp;Vertragssprache, Vertragstextspeicherung<\/strong><\/p>\n<p><\/p>\n<p><\/p>\n<p>Die f&uuml;r den Vertragsschluss zur Verf&uuml;gung stehende Sprache ist Deutsch.<\/p>\n<p><\/p>\n<p><\/p>\n<p><\/p>\n<p>Wir speichern den Vertragstext und senden Ihnen die Bestelldaten und unsere AGB in Textform zu. Der Vertragstext ist aus Sicherheitsgr&uuml;nden nicht mehr &uuml;ber das Internet zug&auml;nglich.<\/p>\n<p><\/p>\n<p><\/p>\n<p><strong>4.&nbsp;Eigentumsvorbehalt<\/strong><\/p>\n<p><\/p>\n<p><\/p>\n<p><\/p>\n<p>Die Ware bleibt bis zur vollst&auml;ndigen Bezahlung unser Eigentum.<\/p>\n<p><\/p>\n<p><\/p>\n<p><\/p>\n<p><strong>5.&nbsp;Gew&auml;hrleistung und Garantien<\/strong><\/p>\n<p><\/p>\n<p><\/p>\n<p><\/p>\n<p>Es gilt das gesetzliche M&auml;ngelhaftungsrecht. Informationen zu gegebenenfalls geltenden zus&auml;tzlichen Garantien und deren genaue Bedingungen finden Sie jeweils beim Produkt und auf besonderen Informationsseiten im Online-Shop.<\/p>\n<p><\/p>\n<p><\/p>\n<p><\/p>\n<p><strong>6.&nbsp;Jugendschutz<\/strong><\/p>\n<p><\/p>\n<p><\/p>\n<p><\/p>\n<p>Sofern Ihre Bestellung Waren umfasst, deren Verkauf Altersbeschr&auml;nkungen unterliegt, stellen wir durch den Einsatz eines zuverl&auml;ssigen Verfahrens unter Einbeziehung einer pers&ouml;nlichen Identit&auml;ts- und<br \/> Alterspr&uuml;fung sicher, dass der Besteller das erforderliche Mindestalter erreicht hat. Der Zusteller &uuml;bergibt die Ware erst nach erfolgter Alterspr&uuml;fung und nur an den Besteller pers&ouml;nlich.<\/p>\n<p><strong>7.&nbsp;Streitbeilegung<\/strong><\/p>\n<p><\/p>\n<p>Zur Teilnahme an einem Streitbeilegungsverfahren vor einer Verbraucherschlichtungsstelle sind wir nicht verpflichtet und nicht bereit.<\/p>\n<p><i><a target=\"_blank\" title=\"AGB\" href=\"https:\/\/shop.trustedshops.com\/de\/rechtstexte\/\">AGB<\/a> erstellt mit dem <a target=\"_blank\" title=\"Trusted Shops\" href=\"https:\/\/shop.trustedshops.com\/de\/\">Trusted Shops<\/a> Rechtstexter in Kooperation mit <a target=\"_blank\" title=\"Wilde Beuger Solmecke Rechtsanw\u00e4lte\" href=\"https:\/\/www.wbs-law.de\/\" rel=\"nofollow\">Wilde Beuger Solmecke Rechtsanw\u00e4lte<\/a>.<\/i><\/p>\n<p><\/p>\n<p>unsere Anschrift und Emailadresse:<\/p>\n<p>Weingut Bl\u00f6ser<br \/>Bachstra\u00dfe 112<br \/>53639 K\u00f6nigswinter<\/p>\n<p>Telefon: 02223 3322<br \/>Telefax: 02223 908301<br \/>info@weingutbloeser.de<\/p>\n<p>_<br \/><a name=\"Widerrufsrecht\"><\/a><\/p>\n<p><\/p>\n<hr>\n<p><\/p>\n<p><strong>Widerrufsbelehrung<\/strong><\/p>\n<p>    <\/p>\n<p><strong>Widerrufsrecht<\/strong><br \/> Sie haben das Recht, binnen vierzehn Tagen ohne Angabe von Gr&uuml;nden diesen Vertrag zu widerrufen. Die Widerrufsfrist betr&auml;gt vierzehn Tage ab dem Tag an dem Sie oder ein von Ihnen benannter Dritter, der nicht der Bef&ouml;rderer ist, die Waren in Besitz genommen haben bzw. hat.      <\/p>\n<p>Um Ihr Widerrufsrecht auszu&uuml;ben, m&uuml;ssen Sie uns <br \/>Weingut Bl\u00f6ser<br \/>Bachstra\u00dfe 112<br \/>53639 K\u00f6nigswinter<\/p>\n<p>Telefon: 02223 3322<br \/>Telefax: 02223 908301<br \/>info@weingutbloeser.de<\/p>\n<p>mittels einer eindeutigen Erkl&auml;rung (z. B. ein mit der Post versandter Brief oder eine E-Mail) &uuml;ber Ihren Entschluss, diesen Vertrag zu widerrufen, informieren. Sie k&ouml;nnen daf&uuml;r das beigef&uuml;gte Muster-Widerrufsformular verwenden, das jedoch nicht vorgeschrieben ist.<\/p>\n<p>Zur Wahrung der Widerrufsfrist reicht es aus, dass Sie die Mitteilung &uuml;ber die Aus&uuml;bung des Widerrufsrechts vor Ablauf der Widerrufsfrist absenden.  <\/p>\n<p><strong>Folgen des Widerrufs <\/strong> <\/p>\n<p>Wenn Sie diesen Vertrag widerrufen, haben wir Ihnen alle Zahlungen, die wir von Ihnen erhalten haben, einschlie&szlig;lich der Lieferkosten (mit Ausnahme der zus&auml;tzlichen Kosten, die sich daraus ergeben, dass Sie eine andere Art der Lieferung als die von uns angebotene, g&uuml;nstigste Standardlieferung gew&auml;hlt haben), unverz&uuml;glich und sp&auml;testens binnen vierzehn Tagen ab dem Tag zur&uuml;ckzuzahlen, an dem die Mitteilung &uuml;ber Ihren Widerruf dieses Vertrags bei uns eingegangen ist. F&uuml;r diese R&uuml;ckzahlung verwenden wir dasselbe Zahlungsmittel, das Sie bei der urspr&uuml;nglichen Transaktion eingesetzt haben, es sei denn, mit Ihnen wurde ausdr&uuml;cklich etwas anderes vereinbart; in keinem Fall werden Ihnen wegen dieser R&uuml;ckzahlung Entgelte berechnet.<br \/>Wir k&ouml;nnen die R&uuml;ckzahlung verweigern, bis wir die Waren wieder zur&uuml;ckerhalten haben oder bis Sie den Nachweis erbracht haben, dass Sie die Waren zur&uuml;ckgesandt haben, je nachdem, welches der fr&uuml;here Zeitpunkt ist.  <\/p>\n<p>Sie haben die Waren unverz&uuml;glich und in jedem Fall sp&auml;testens binnen vierzehn Tagen ab dem Tag, an dem Sie uns &uuml;ber den Widerruf dieses Vertrags unterrichten, an uns zur&uuml;ckzusenden oder zu &uuml;bergeben. Die Frist ist gewahrt, wenn Sie die Waren vor Ablauf der Frist von vierzehn Tagen absenden.<br \/>Sie tragen die unmittelbaren Kosten der R&uuml;cksendung der Waren.<br \/>Sie m&uuml;ssen f&uuml;r einen etwaigen Wertverlust der Waren nur aufkommen, wenn dieser Wertverlust auf einen zur Pr&uuml;fung der Beschaffenheit, Eigenschaften und Funktionsweise der Waren nicht notwendigen Umgang mit ihnen zur&uuml;ckzuf&uuml;hren ist.<\/p>\n<table border=\"1\" cellpadding=\"1\" cellspacing=\"1\" style=\"width:100%\">\n<tbody>\n<tr>\n<td>\n<p><strong>Muster-Widerrufsformular<\/strong><\/p>\n<p><em>(Wenn Sie den Vertrag widerrufen wollen, dann f&uuml;llen Sie bitte dieses Formular aus und senden Sie es zur&uuml;ck.)<\/em><\/p>\n<p>&ndash; An Weingut Bl\u00f6ser<br \/>Bachstra\u00dfe 112<br \/>53639 K\u00f6nigswinter<\/p>\n<p>Telefon: 02223 3322<br \/>Telefax: 02223 908301<br \/>info@weingutbloeser.de <\/p>\n<p>&ndash; Hiermit widerrufe(n) ich\/wir (*) den von mir\/uns (*) abgeschlossenen Vertrag &uuml;ber den Kauf der folgenden<br \/> Waren (*)\/die Erbringung der folgenden Dienstleistung (*)<\/p>\n<p>&ndash; Bestellt am (*)\/erhalten am (*)<\/p>\n<p>&ndash; Name des\/der Verbraucher(s)<\/p>\n<p>&ndash; Anschrift des\/der Verbraucher(s)<\/p>\n<p>&ndash; Unterschrift des\/der Verbraucher(s) (nur bei Mitteilung auf Papier)<\/p>\n<p>&ndash; Datum<\/p>\n<p> <em>(*) Unzutreffendes streichen.<\/em><\/p>\n<\/td>\n<\/tr>\n<\/tbody>\n<\/table>\n<p><i><a target=\"_blank\" title=\"Widerrufsbelehrung\" href=\"https:\/\/shop.trustedshops.com\/de\/rechtstexte\/\">Widerrufsbelehrung<\/a> erstellt mit dem <a target=\"_blank\" title=\"Trusted Shops\" href=\"https:\/\/shop.trustedshops.com\/de\/\">Trusted Shops<\/a> Rechtstexter in Kooperation mit <a target=\"_blank\" title=\"Wilde Beuger Solmecke Rechtsanw\u00e4lte\" href=\"https:\/\/www.wbs-law.de\/\" rel=\"nofollow\">Wilde Beuger Solmecke Rechtsanw\u00e4lte<\/a>.<\/i><\/p>\n<p><\/p>\n","protected":false},"excerpt":{"rendered":"<p>Impressum Administrativer Ansprechpartner &amp; Domain-Eigner von:www.weingutbloeser.de Anschrift:Weingut Bl\u00f6serBachstra\u00dfe 11253639 K\u00f6nigswinter Germany Telefon:02223 3322 Umsatzsteuer ID: DE 243 220 303SteuerNr: 222 5851 0641Mail: info(at)weingutbloeser.deInhaltlich Verantwortlicher gem\u00e4\u00df \u00a7 10 Absatz 3 MDStV: Weingut Bl\u00f6ser Unsere Aufsichtsbeh\u00f6rde ist:&nbsp; Minsterium f\u00fcr Umwelt, Landwirtschaft, Natur- und Verbraucherschutz des Landes Nordrhein-Westfalen Schwannstra\u00dfe 13&nbsp; 40476 D\u00fcsseldorf Zust\u00e4ndige Kammer: Landwirtschaftskammer&nbsp;Nordrheinwestfalen \u2022 Gartenstra\u00dfe 11&nbsp; [&hellip;]<\/p>\n","protected":false},"author":1,"featured_media":0,"parent":0,"menu_order":0,"comment_status":"closed","ping_status":"closed","template":"","meta":{"footnotes":""},"class_list":["post-71","page","type-page","status-publish","hentry"],"_links":{"self":[{"href":"https:\/\/weinhelp7.de\/WeingutBloeser\/wp-json\/wp\/v2\/pages\/71","targetHints":{"allow":["GET"]}}],"collection":[{"href":"https:\/\/weinhelp7.de\/WeingutBloeser\/wp-json\/wp\/v2\/pages"}],"about":[{"href":"https:\/\/weinhelp7.de\/WeingutBloeser\/wp-json\/wp\/v2\/types\/page"}],"author":[{"embeddable":true,"href":"https:\/\/weinhelp7.de\/WeingutBloeser\/wp-json\/wp\/v2\/users\/1"}],"replies":[{"embeddable":true,"href":"https:\/\/weinhelp7.de\/WeingutBloeser\/wp-json\/wp\/v2\/comments?post=71"}],"version-history":[{"count":1,"href":"https:\/\/weinhelp7.de\/WeingutBloeser\/wp-json\/wp\/v2\/pages\/71\/revisions"}],"predecessor-version":[{"id":72,"href":"https:\/\/weinhelp7.de\/WeingutBloeser\/wp-json\/wp\/v2\/pages\/71\/revisions\/72"}],"wp:attachment":[{"href":"https:\/\/weinhelp7.de\/WeingutBloeser\/wp-json\/wp\/v2\/media?parent=71"}],"curies":[{"name":"wp","href":"https:\/\/api.w.org\/{rel}","templated":true}]}}