{"id":465,"date":"2022-09-08T16:51:54","date_gmt":"2022-09-08T14:51:54","guid":{"rendered":"https:\/\/weinhelp7.de\/WeingutBloeser\/produkt\/artikel-nr-21kerner-kabinett-spaetlese\/"},"modified":"2026-04-30T20:24:38","modified_gmt":"2026-04-30T18:24:38","slug":"artikel-nr-21kerner-spaetlese","status":"publish","type":"product","link":"https:\/\/weinhelp7.de\/WeingutBloeser\/produkt\/artikel-nr-21kerner-spaetlese\/","title":{"rendered":"<br>Artikel-Nr.: 21<br>Kerner  Sp\u00e4tlese<br>"},"content":{"rendered":"<p><!-- IBGHTML --><!-- IBGHTML --><br \/><P><FONT size=\"4\"><EM>Getrunken&nbsp;wird dieser saftige Schoppenweine als Durstl\u00f6scher, auch f\u00fcr eine Schorle geeignet,&nbsp;Ebenso&nbsp;zu leichten und dezenten Vorspeisen, wie Fisch- oder Gem\u00fcseterrinen, zu sommerlichen Salaten, zu Fisch, Gefl\u00fcgel und Kalbfleisch.<\/EM><\/FONT><\/P><\/p>\n<table WIDTH=\"60%\" BORDER=\"0\" align=\"left\" CELLPADDING=\"0\" CELLSPACING=\"0\"><\/p>\n<tr>\n<td width=\"53%\">Artikelnummer:<\/td>\n<td width=\"47%\"><strong>21<\/strong><\/td>\n<\/tr>\n<p><\/p>\n<tr>\n<td>Inhalt<\/td>\n<td><strong>0,75 Ltr.<\/strong><\/td>\n<\/tr>\n<p><\/p>\n<tr>\n<td>Preis\/Ltr.<\/td>\n<td><strong>11,20 EUR pro Ltr.<\/strong><\/td>\n<\/tr>\n<p><\/p>\n<tr>\n<td>Weinart:<\/td>\n<td><strong>Wei\u00dfwein<\/strong><\/td>\n<\/tr>\n<p><\/p>\n<tr>\n<td>Qualit&auml;tsstufe<\/td>\n<td><strong>Auslese<\/strong><\/td>\n<\/tr>\n<p><\/p>\n<tr>\n<td>Rebsorte<\/td>\n<td><strong>Kerner<\/strong><\/td>\n<\/tr>\n<p><\/p>\n<tr>\n<td>Restzuckergehalt<\/td>\n<td><strong>62,5 g\/Ltr.<\/strong><\/td>\n<\/tr>\n<p><\/p>\n<tr>\n<td>Alkoholgehalt<\/td>\n<td><strong>9,0 %vol<\/strong><\/td>\n<\/tr>\n<p><\/p>\n<tr>\n<td>Anbaugebiet<\/td>\n<td><strong>Mittelrhein<\/strong><\/td>\n<\/tr>\n<p><\/p>\n<tr>\n<td>vegan:<\/td>\n<td><strong>JA<\/strong><\/td>\n<\/tr>\n<p><\/p>\n<tr>\n<td>enth\u00e4lt Allergene:<\/td>\n<td><strong>Sulfite<\/strong><\/td>\n<\/tr>\n<p><\/table>\n","protected":false},"excerpt":{"rendered":"<table><\/p>\n<tr>\n<td width=\"53%\">Artikelnummer:<\/td>\n<td width=\"47%\"><strong>21<\/strong><\/td>\n<\/tr>\n<p><\/p>\n<tr>\n<td>Rebsorte<\/td>\n<td><strong>Kerner<\/strong><\/td>\n<\/tr>\n<p><\/p>\n<tr>\n<td>Jahrgang<\/td>\n<td><strong>2021<\/strong><\/td>\n<\/tr>\n<p><\/p>\n<tr>\n<td>Geschmack<\/td>\n<td><strong>s\u00fcss<\/strong><\/td>\n<\/tr>\n<p><\/p>\n<tr>\n<td>Alkohol<\/td>\n<td><strong>9,0 %vol<\/strong><\/td>\n<\/tr>\n<p><\/p>\n<tr>\n<td>Inhalt<\/td>\n<td><strong>0,75 Ltr.<\/strong><\/td>\n<\/tr>\n<p><\/table>\n<p><\/p>\n","protected":false},"featured_media":327,"template":"","meta":[],"product_brand":[],"product_cat":[54],"product_tag":[],"class_list":{"0":"post-465","1":"product","2":"type-product","3":"status-publish","4":"has-post-thumbnail","6":"product_cat-liebliche-weissweine","8":"first","9":"instock","10":"featured","11":"taxable","12":"shipping-taxable","13":"purchasable","14":"product-type-simple"},"_links":{"self":[{"href":"https:\/\/weinhelp7.de\/WeingutBloeser\/wp-json\/wp\/v2\/product\/465","targetHints":{"allow":["GET"]}}],"collection":[{"href":"https:\/\/weinhelp7.de\/WeingutBloeser\/wp-json\/wp\/v2\/product"}],"about":[{"href":"https:\/\/weinhelp7.de\/WeingutBloeser\/wp-json\/wp\/v2\/types\/product"}],"wp:featuredmedia":[{"embeddable":true,"href":"https:\/\/weinhelp7.de\/WeingutBloeser\/wp-json\/wp\/v2\/media\/327"}],"wp:attachment":[{"href":"https:\/\/weinhelp7.de\/WeingutBloeser\/wp-json\/wp\/v2\/media?parent=465"}],"wp:term":[{"taxonomy":"product_brand","embeddable":true,"href":"https:\/\/weinhelp7.de\/WeingutBloeser\/wp-json\/wp\/v2\/product_brand?post=465"},{"taxonomy":"product_cat","embeddable":true,"href":"https:\/\/weinhelp7.de\/WeingutBloeser\/wp-json\/wp\/v2\/product_cat?post=465"},{"taxonomy":"product_tag","embeddable":true,"href":"https:\/\/weinhelp7.de\/WeingutBloeser\/wp-json\/wp\/v2\/product_tag?post=465"}],"curies":[{"name":"wp","href":"https:\/\/api.w.org\/{rel}","templated":true}]}}