{"id":856,"date":"2025-02-25T15:34:28","date_gmt":"2025-02-25T14:34:28","guid":{"rendered":"https:\/\/weinhelp7.de\/WeingutBloeser\/produkt\/artikel-nr-552023er-koenigswinterer-petersberg-mueller-thurgau-qualitaetswein-trocken-10l\/"},"modified":"2026-04-30T20:24:38","modified_gmt":"2026-04-30T18:24:38","slug":"artikel-nr-552023er-koenigswinterer-petersberg-mueller-thurgau-qualitaetswein-trocken-10l","status":"publish","type":"product","link":"https:\/\/weinhelp7.de\/WeingutBloeser\/produkt\/artikel-nr-552023er-koenigswinterer-petersberg-mueller-thurgau-qualitaetswein-trocken-10l\/","title":{"rendered":"<br>Artikel-Nr.: 55<br>2023er K\u00f6nigswinterer Petersberg M\u00fcller-Thurgau Qualit\u00e4tswein trocken 1,0l<br>"},"content":{"rendered":"<table WIDTH=\"60%\" BORDER=\"0\" align=\"left\" CELLPADDING=\"0\" CELLSPACING=\"0\"><\/p>\n<tr>\n<td width=\"53%\">Artikelnummer:<\/td>\n<td width=\"47%\"><strong>55<\/strong><\/td>\n<\/tr>\n<p><\/p>\n<tr>\n<td>Inhalt<\/td>\n<td><strong>1,0 Ltr.<\/strong><\/td>\n<\/tr>\n<p><\/p>\n<tr>\n<td>Preis\/Ltr.<\/td>\n<td><strong>6,80 EUR pro Ltr.<\/strong><\/td>\n<\/tr>\n<p><\/p>\n<tr>\n<td>Weinart:<\/td>\n<td><strong>Wei\u00dfwein<\/strong><\/td>\n<\/tr>\n<p><\/p>\n<tr>\n<td>Qualit&auml;tsstufe<\/td>\n<td><strong>Qualit\u00e4tswein<\/strong><\/td>\n<\/tr>\n<p><\/p>\n<tr>\n<td>Rebsorte<\/td>\n<td><strong>M\u00fcller-Thurgau<\/strong><\/td>\n<\/tr>\n<p><\/p>\n<tr>\n<td>Restzuckergehalt<\/td>\n<td><strong>2,8 g\/Ltr.<\/strong><\/td>\n<\/tr>\n<p><\/p>\n<tr>\n<td>Alkoholgehalt<\/td>\n<td><strong>12,5 %vol<\/strong><\/td>\n<\/tr>\n<p><\/p>\n<tr>\n<td>Anbaugebiet<\/td>\n<td><strong>Mittelrhein<\/strong><\/td>\n<\/tr>\n<p><\/p>\n<tr>\n<td>vegan:<\/td>\n<td><strong>NEIN<\/strong><\/td>\n<\/tr>\n<p><\/p>\n<tr>\n<td>enth\u00e4lt Allergene:<\/td>\n<td><strong>Sulfite<\/strong><\/td>\n<\/tr>\n<p><\/table>\n","protected":false},"excerpt":{"rendered":"<table><\/p>\n<tr>\n<td width=\"53%\">Artikelnummer:<\/td>\n<td width=\"47%\"><strong>55<\/strong><\/td>\n<\/tr>\n<p><\/p>\n<tr>\n<td>Rebsorte<\/td>\n<td><strong>M\u00fcller-Thurgau<\/strong><\/td>\n<\/tr>\n<p><\/p>\n<tr>\n<td>Jahrgang<\/td>\n<td><strong>2023<\/strong><\/td>\n<\/tr>\n<p><\/p>\n<tr>\n<td>Geschmack<\/td>\n<td><strong>trocken<\/strong><\/td>\n<\/tr>\n<p><\/p>\n<tr>\n<td>Alkohol<\/td>\n<td><strong>12,5 %vol<\/strong><\/td>\n<\/tr>\n<p><\/p>\n<tr>\n<td>Inhalt<\/td>\n<td><strong>1,0 Ltr.<\/strong><\/td>\n<\/tr>\n<p><\/table>\n<p><\/p>\n","protected":false},"featured_media":324,"template":"","meta":[],"product_brand":[],"product_cat":[56],"product_tag":[],"class_list":{"0":"post-856","1":"product","2":"type-product","3":"status-publish","4":"has-post-thumbnail","6":"product_cat-trockene-weissweine","8":"first","9":"instock","10":"featured","11":"taxable","12":"shipping-taxable","13":"purchasable","14":"product-type-simple"},"_links":{"self":[{"href":"https:\/\/weinhelp7.de\/WeingutBloeser\/wp-json\/wp\/v2\/product\/856","targetHints":{"allow":["GET"]}}],"collection":[{"href":"https:\/\/weinhelp7.de\/WeingutBloeser\/wp-json\/wp\/v2\/product"}],"about":[{"href":"https:\/\/weinhelp7.de\/WeingutBloeser\/wp-json\/wp\/v2\/types\/product"}],"wp:featuredmedia":[{"embeddable":true,"href":"https:\/\/weinhelp7.de\/WeingutBloeser\/wp-json\/wp\/v2\/media\/324"}],"wp:attachment":[{"href":"https:\/\/weinhelp7.de\/WeingutBloeser\/wp-json\/wp\/v2\/media?parent=856"}],"wp:term":[{"taxonomy":"product_brand","embeddable":true,"href":"https:\/\/weinhelp7.de\/WeingutBloeser\/wp-json\/wp\/v2\/product_brand?post=856"},{"taxonomy":"product_cat","embeddable":true,"href":"https:\/\/weinhelp7.de\/WeingutBloeser\/wp-json\/wp\/v2\/product_cat?post=856"},{"taxonomy":"product_tag","embeddable":true,"href":"https:\/\/weinhelp7.de\/WeingutBloeser\/wp-json\/wp\/v2\/product_tag?post=856"}],"curies":[{"name":"wp","href":"https:\/\/api.w.org\/{rel}","templated":true}]}}