{"id":12,"date":"2017-06-14T15:42:14","date_gmt":"2017-06-14T13:42:14","guid":{"rendered":"http:\/\/weinhelp7.de\/WeingutPorr\/catalog\/?page_id=12"},"modified":"2018-06-19T09:38:07","modified_gmt":"2018-06-19T07:38:07","slug":"os-plattform","status":"publish","type":"page","link":"https:\/\/weinhelp7.de\/WeingutPorr\/catalog\/os-plattform\/","title":{"rendered":"OS-Plattform"},"content":{"rendered":"<h1 class=\"title\"><\/h1>\n<div class=\"entry\">\n<p>Hinweis OS-Plattform<br \/>\n=====================<\/p>\n<p>Die Europ\u00e4ische Kommission stellt eine Plattform f\u00fcr die au\u00dfergerichtliche Online-Streitbeilegung (OS-Plattform) bereit, die unter <a href=\"http:\/\/www.ec.europa.eu\/consumers\/odr\">www.ec.europa.eu\/consumers\/odr<\/a> aufrufbar ist. Wir sind weder verpflichtet noch bereit, an dem Streitschlichtungsverfahren teilzunehmen.<\/p>\n<p>unsere Anschrift und Emailadresse:<\/p>\n<\/div>\n<p><span style=\"font-family: Verdana,Tahoma,Arial,Helvetica,sans-serif,sans-serif;\">Weingut Otto Porr<br \/>\nInhaber: Arno Porr<br \/>\nWeinbergstra\u00dfe 2<br \/>\n55585 Duchroth<br \/>\nTelefax (06755) 1351<br \/>\nEmail: <\/span><a href=\"mailto:info@weingut-porr.de\"><span style=\"font-family: Verdana,Tahoma,Arial,Helvetica,sans-serif,sans-serif;\">info@weingut-porr.de<\/span><\/a><span style=\"font-family: Verdana,Tahoma,Arial,Helvetica,sans-serif,sans-serif;\"><br \/>\n<\/span><\/p>\n","protected":false},"excerpt":{"rendered":"<p>Hinweis OS-Plattform ===================== Die Europ\u00e4ische Kommission stellt eine Plattform f\u00fcr die au\u00dfergerichtliche Online-Streitbeilegung (OS-Plattform) bereit, die unter www.ec.europa.eu\/consumers\/odr aufrufbar ist. Wir sind weder verpflichtet noch bereit, an dem Streitschlichtungsverfahren teilzunehmen. unsere Anschrift und Emailadresse: Weingut Otto Porr Inhaber: Arno Porr Weinbergstra\u00dfe 2 55585 Duchroth Telefax (06755) 1351 Email: info@weingut-porr.de<\/p>\n","protected":false},"author":1,"featured_media":0,"parent":0,"menu_order":0,"comment_status":"closed","ping_status":"closed","template":"","meta":{"footnotes":""},"class_list":["post-12","page","type-page","status-publish","hentry"],"_links":{"self":[{"href":"https:\/\/weinhelp7.de\/WeingutPorr\/catalog\/wp-json\/wp\/v2\/pages\/12"}],"collection":[{"href":"https:\/\/weinhelp7.de\/WeingutPorr\/catalog\/wp-json\/wp\/v2\/pages"}],"about":[{"href":"https:\/\/weinhelp7.de\/WeingutPorr\/catalog\/wp-json\/wp\/v2\/types\/page"}],"author":[{"embeddable":true,"href":"https:\/\/weinhelp7.de\/WeingutPorr\/catalog\/wp-json\/wp\/v2\/users\/1"}],"replies":[{"embeddable":true,"href":"https:\/\/weinhelp7.de\/WeingutPorr\/catalog\/wp-json\/wp\/v2\/comments?post=12"}],"version-history":[{"count":5,"href":"https:\/\/weinhelp7.de\/WeingutPorr\/catalog\/wp-json\/wp\/v2\/pages\/12\/revisions"}],"predecessor-version":[{"id":314,"href":"https:\/\/weinhelp7.de\/WeingutPorr\/catalog\/wp-json\/wp\/v2\/pages\/12\/revisions\/314"}],"wp:attachment":[{"href":"https:\/\/weinhelp7.de\/WeingutPorr\/catalog\/wp-json\/wp\/v2\/media?parent=12"}],"curies":[{"name":"wp","href":"https:\/\/api.w.org\/{rel}","templated":true}]}}