{"id":7815,"date":"2018-03-21T10:56:35","date_gmt":"2018-03-21T08:56:35","guid":{"rendered":"https:\/\/weinhelp7.de\/WeingutWeber\/catalog\/?page_id=7815"},"modified":"2018-05-18T14:53:50","modified_gmt":"2018-05-18T12:53:50","slug":"os-plattform","status":"publish","type":"page","link":"https:\/\/weinhelp7.de\/WeingutWeber\/catalog\/?page_id=7815","title":{"rendered":"OS-Plattform"},"content":{"rendered":"<p>Die Europ\u00e4ische Kommission stellt eine Plattform f\u00fcr die au\u00dfergerichtliche Online-Streitbeilegung (OS-Plattform) bereit,<\/p>\n<p>die unter <a href=\"http:\/\/www.ec.europa.eu\/consumers\/odr\">www.ec.europa.eu\/consumers\/odr<\/a> aufrufbar ist.<\/p>\n<p>Wir sind weder verpflichtet noch bereit, an dem Streitschlichtungsverfahren teilzunehmen.<\/p>\n<p>&nbsp;<\/p>\n<p>Weingut Klemens Weber<br \/>\nGesch\u00e4ftsf\u00fchrer: Konrad Weber<br \/>\nHirtenstr. 1<br \/>\n76835 Burrweiler<br \/>\nTel: 06345\/919212<br \/>\nFax-Nr: 06345\/919214<br \/>\nemail: <a href=\"&quot;mailto:weingut.weber@web.de&quot;\">weingut.weber@web.de<\/a><\/p>\n","protected":false},"excerpt":{"rendered":"<p>Die Europ\u00e4ische Kommission stellt eine Plattform f\u00fcr die au\u00dfergerichtliche Online-Streitbeilegung (OS-Plattform) bereit, die unter www.ec.europa.eu\/consumers\/odr aufrufbar ist. Wir sind weder verpflichtet noch bereit, an dem Streitschlichtungsverfahren teilzunehmen. &nbsp; Weingut Klemens Weber Gesch\u00e4ftsf\u00fchrer: Konrad Weber Hirtenstr. 1 76835 Burrweiler Tel: 06345\/919212 Fax-Nr: 06345\/919214 email: weingut.weber@web.de<\/p>\n","protected":false},"author":1,"featured_media":0,"parent":0,"menu_order":0,"comment_status":"closed","ping_status":"closed","template":"","meta":{"footnotes":""},"class_list":["post-7815","page","type-page","status-publish","hentry"],"_links":{"self":[{"href":"https:\/\/weinhelp7.de\/WeingutWeber\/catalog\/index.php?rest_route=\/wp\/v2\/pages\/7815","targetHints":{"allow":["GET"]}}],"collection":[{"href":"https:\/\/weinhelp7.de\/WeingutWeber\/catalog\/index.php?rest_route=\/wp\/v2\/pages"}],"about":[{"href":"https:\/\/weinhelp7.de\/WeingutWeber\/catalog\/index.php?rest_route=\/wp\/v2\/types\/page"}],"author":[{"embeddable":true,"href":"https:\/\/weinhelp7.de\/WeingutWeber\/catalog\/index.php?rest_route=\/wp\/v2\/users\/1"}],"replies":[{"embeddable":true,"href":"https:\/\/weinhelp7.de\/WeingutWeber\/catalog\/index.php?rest_route=%2Fwp%2Fv2%2Fcomments&post=7815"}],"version-history":[{"count":2,"href":"https:\/\/weinhelp7.de\/WeingutWeber\/catalog\/index.php?rest_route=\/wp\/v2\/pages\/7815\/revisions"}],"predecessor-version":[{"id":7818,"href":"https:\/\/weinhelp7.de\/WeingutWeber\/catalog\/index.php?rest_route=\/wp\/v2\/pages\/7815\/revisions\/7818"}],"wp:attachment":[{"href":"https:\/\/weinhelp7.de\/WeingutWeber\/catalog\/index.php?rest_route=%2Fwp%2Fv2%2Fmedia&parent=7815"}],"curies":[{"name":"wp","href":"https:\/\/api.w.org\/{rel}","templated":true}]}}