{"id":21199,"date":"2025-04-01T18:29:09","date_gmt":"2025-04-01T16:29:09","guid":{"rendered":"https:\/\/weinhelp7.de\/WeingutWeber\/catalog\/?product=16-2024er-rose-cuveequalitaetswein-feinherbpfalz-075-l"},"modified":"2025-11-15T16:01:21","modified_gmt":"2025-11-15T14:01:21","slug":"16-2024er-rose-cuveequalitaetswein-feinherbpfalz-075-l","status":"publish","type":"product","link":"https:\/\/weinhelp7.de\/WeingutWeber\/catalog\/?product=16-2024er-rose-cuveequalitaetswein-feinherbpfalz-075-l","title":{"rendered":"<br>16 &#8212; 2024er Ros\u00e9 Cuv\u00e9e<br>Qualit\u00e4tswein feinherb<br>Pfalz 0,75 l<br>"},"content":{"rendered":"\n<div align=\"left\"><font size=\"1\">2024er Ros\u00e9 Cuv\u00e9e Qualit\u00e4tswein  feinherb Pfalz 0,75l<\/p>\n<p>        <font color=\"#666666\"><\/font><\/p>\n<p><\/font><\/div>\n<table WIDTH=\"60%\" BORDER=\"0\" align=\"left\" CELLPADDING=\"0\" CELLSPACING=\"0\"><\/p>\n<tr><\/p>\n<td width=\"53%\"><font size=\"-1\">Artikelnummer:<\/font><\/td>\n<td width=\"47%\"><font size=\"-1\"><strong>16<\/strong><\/font><\/td>\n<p><\/tr>\n<tr><\/p>\n<td><font size=\"-1\">Inhalt<\/font><\/td>\n<td><font size=\"-1\"><strong>0,75 Ltr.<\/strong><\/font><\/td>\n<p><\/tr>\n<tr ALIGN=\"LEFT\"><\/p>\n<td><font size=\"-1\">Preis\/Ltr.<\/font><\/td>\n<td><font size=\"-1\"><strong>9,60 EUR pro Ltr.<\/strong><\/font><\/td>\n<p><\/tr>\n<tr><\/p>\n<td><font size=\"-1\">Weinart:<\/font><\/td>\n<td><font size=\"-1\"><strong>Roseewein<\/strong><\/font><\/td>\n<p><\/tr>\n<tr><\/p>\n<td><font size=\"-1\">Qualit&auml;tsstufe<\/font><\/td>\n<td><font size=\"-1\"><strong>Qualit\u00e4tswein<\/strong><\/font><\/td>\n<p><\/tr>\n<tr><\/p>\n<td><font size=\"-1\">Rebsorte<\/font><\/td>\n<td><font size=\"-1\"><strong>Ros\u00e9 Cuv\u00e9e<\/strong><\/font><\/td>\n<p><\/tr>\n<tr>  <\/p>\n<td><font size=\"-1\">Restzuckergehalt<\/font><\/td>\n<p>  <\/p>\n<td><font size=\"-1\"><strong>16 g\/Ltr.<\/strong><\/font><\/td>\n<p><\/tr>\n<p><\/p>\n<tr><\/p>\n<td><font size=\"-1\">Alkoholgehalt<\/font><\/td>\n<td><font size=\"-1\"><strong>11,5 Vol. %<\/strong><\/font><\/td>\n<p><\/tr>\n<p><\/p>\n<tr>\n<td><font size=\"-1\">Bio:<\/font><\/td>\n<td><font size=\"-1\"><strong>NEIN<\/strong><\/font><\/td>\n<\/tr>\n<p><\/p>\n<tr>\n<td><font size=\"-1\">vegan:<\/font><\/td>\n<td><font size=\"-1\"><strong>NEIN<\/strong><\/font><\/td>\n<\/tr>\n<p><\/p>\n<tr>\n<td><font size=\"-1\">Ursprungsland:<\/font><\/td>\n<td><font size=\"-1\"><strong>Deutschland<\/strong><\/font><\/td>\n<\/tr>\n<p><\/p>\n<tr>\n<td><font size=\"-1\">enth\u00e4lt Allergene:<\/font><\/td>\n<td><font size=\"-1\"><strong>&#8211;<\/strong><\/font><\/td>\n<\/tr>\n<p><\/table>\n","protected":false},"excerpt":{"rendered":"<p>2024er Ros\u00e9 Cuv\u00e9e Qualit\u00e4tswein feinherb Pfalz 0,75l Artikelnummer: 16 Inhalt 0,75 Ltr. Preis\/Ltr. 9,60 EUR pro Ltr. Weinart: Roseewein Qualit&auml;tsstufe Qualit\u00e4tswein Rebsorte Ros\u00e9 Cuv\u00e9e Restzuckergehalt 16 g\/Ltr. Alkoholgehalt 11,5 Vol. % Bio: NEIN vegan: NEIN Ursprungsland: Deutschland enth\u00e4lt Allergene: &#8211;<\/p>\n","protected":false},"featured_media":20944,"comment_status":"open","ping_status":"closed","template":"","meta":[],"product_brand":[],"product_cat":[1300],"product_tag":[],"class_list":{"0":"post-21199","1":"product","2":"type-product","3":"status-publish","4":"has-post-thumbnail","6":"product_cat-02-rosee","8":"first","9":"instock","10":"taxable","11":"shipping-taxable","12":"purchasable","13":"product-type-simple"},"_links":{"self":[{"href":"https:\/\/weinhelp7.de\/WeingutWeber\/catalog\/index.php?rest_route=\/wp\/v2\/product\/21199","targetHints":{"allow":["GET"]}}],"collection":[{"href":"https:\/\/weinhelp7.de\/WeingutWeber\/catalog\/index.php?rest_route=\/wp\/v2\/product"}],"about":[{"href":"https:\/\/weinhelp7.de\/WeingutWeber\/catalog\/index.php?rest_route=\/wp\/v2\/types\/product"}],"replies":[{"embeddable":true,"href":"https:\/\/weinhelp7.de\/WeingutWeber\/catalog\/index.php?rest_route=%2Fwp%2Fv2%2Fcomments&post=21199"}],"wp:featuredmedia":[{"embeddable":true,"href":"https:\/\/weinhelp7.de\/WeingutWeber\/catalog\/index.php?rest_route=\/wp\/v2\/media\/20944"}],"wp:attachment":[{"href":"https:\/\/weinhelp7.de\/WeingutWeber\/catalog\/index.php?rest_route=%2Fwp%2Fv2%2Fmedia&parent=21199"}],"wp:term":[{"taxonomy":"product_brand","embeddable":true,"href":"https:\/\/weinhelp7.de\/WeingutWeber\/catalog\/index.php?rest_route=%2Fwp%2Fv2%2Fproduct_brand&post=21199"},{"taxonomy":"product_cat","embeddable":true,"href":"https:\/\/weinhelp7.de\/WeingutWeber\/catalog\/index.php?rest_route=%2Fwp%2Fv2%2Fproduct_cat&post=21199"},{"taxonomy":"product_tag","embeddable":true,"href":"https:\/\/weinhelp7.de\/WeingutWeber\/catalog\/index.php?rest_route=%2Fwp%2Fv2%2Fproduct_tag&post=21199"}],"curies":[{"name":"wp","href":"https:\/\/api.w.org\/{rel}","templated":true}]}}