{"id":21340,"date":"2026-04-04T19:05:21","date_gmt":"2026-04-04T17:05:21","guid":{"rendered":"https:\/\/weinhelp7.de\/WeingutWeber\/catalog\/?product=20-2025er-mueller-thurgauqualitaetswein-lieblichpfalz-10-l"},"modified":"2026-04-04T19:05:21","modified_gmt":"2026-04-04T17:05:21","slug":"20-2025er-mueller-thurgauqualitaetswein-lieblichpfalz-10-l","status":"publish","type":"product","link":"https:\/\/weinhelp7.de\/WeingutWeber\/catalog\/?product=20-2025er-mueller-thurgauqualitaetswein-lieblichpfalz-10-l","title":{"rendered":"<br>20 &#8212; 2025er M\u00fcller-Thurgau<br>Qualit\u00e4tswein lieblich<br>Pfalz 1,0 l<br>"},"content":{"rendered":"\n<div align=\"left\"><font size=\"1\">2025er M\u00fcller-Thurgau Qualit\u00e4tswein  lieblich Pfalz 1,0l<\/p>\n<p>        <font color=\"#666666\"><\/font><\/p>\n<p><\/font><\/div>\n<table WIDTH=\"60%\" BORDER=\"0\" align=\"left\" CELLPADDING=\"0\" CELLSPACING=\"0\"><\/p>\n<tr><\/p>\n<td width=\"53%\"><font size=\"-1\">Artikelnummer:<\/font><\/td>\n<td width=\"47%\"><font size=\"-1\"><strong>20<\/strong><\/font><\/td>\n<p><\/tr>\n<tr><\/p>\n<td><font size=\"-1\">Inhalt<\/font><\/td>\n<td><font size=\"-1\"><strong>1,0 Ltr.<\/strong><\/font><\/td>\n<p><\/tr>\n<tr ALIGN=\"LEFT\"><\/p>\n<td><font size=\"-1\">Preis\/Ltr.<\/font><\/td>\n<td><font size=\"-1\"><strong>6,50 EUR pro Ltr.<\/strong><\/font><\/td>\n<p><\/tr>\n<tr><\/p>\n<td><font size=\"-1\">Weinart:<\/font><\/td>\n<td><font size=\"-1\"><strong>Wei\u00dfwein<\/strong><\/font><\/td>\n<p><\/tr>\n<tr><\/p>\n<td><font size=\"-1\">Qualit&auml;tsstufe<\/font><\/td>\n<td><font size=\"-1\"><strong>Qualit\u00e4tswein<\/strong><\/font><\/td>\n<p><\/tr>\n<tr><\/p>\n<td><font size=\"-1\">Rebsorte<\/font><\/td>\n<td><font size=\"-1\"><strong>M\u00fcller-Thurgau<\/strong><\/font><\/td>\n<p><\/tr>\n<tr>  <\/p>\n<td><font size=\"-1\">Restzuckergehalt<\/font><\/td>\n<p>  <\/p>\n<td><font size=\"-1\"><strong>21 g\/Ltr.<\/strong><\/font><\/td>\n<p><\/tr>\n<p><\/p>\n<tr><\/p>\n<td><font size=\"-1\">Alkoholgehalt<\/font><\/td>\n<td><font size=\"-1\"><strong>11,5 Vol. %<\/strong><\/font><\/td>\n<p><\/tr>\n<p><\/p>\n<tr>\n<td><font size=\"-1\">Bio:<\/font><\/td>\n<td><font size=\"-1\"><strong>NEIN<\/strong><\/font><\/td>\n<\/tr>\n<p><\/p>\n<tr>\n<td><font size=\"-1\">vegan:<\/font><\/td>\n<td><font size=\"-1\"><strong>JA<\/strong><\/font><\/td>\n<\/tr>\n<p><\/p>\n<tr>\n<td><font size=\"-1\">Ursprungsland:<\/font><\/td>\n<td><font size=\"-1\"><strong>Deutschland<\/strong><\/font><\/td>\n<\/tr>\n<p><\/p>\n<tr>\n<td><font size=\"-1\">enth\u00e4lt Allergene:<\/font><\/td>\n<td><font size=\"-1\"><strong>&#8211;<\/strong><\/font><\/td>\n<\/tr>\n<p><\/table>\n","protected":false},"excerpt":{"rendered":"<p>2025er M\u00fcller-Thurgau Qualit\u00e4tswein lieblich Pfalz 1,0l Artikelnummer: 20 Inhalt 1,0 Ltr. Preis\/Ltr. 6,50 EUR pro Ltr. Weinart: Wei\u00dfwein Qualit&auml;tsstufe Qualit\u00e4tswein Rebsorte M\u00fcller-Thurgau Restzuckergehalt 21 g\/Ltr. Alkoholgehalt 11,5 Vol. % Bio: NEIN vegan: JA Ursprungsland: Deutschland enth\u00e4lt Allergene: &#8211;<\/p>\n","protected":false},"featured_media":20935,"comment_status":"open","ping_status":"closed","template":"","meta":[],"product_brand":[],"product_cat":[1301],"product_tag":[],"class_list":{"0":"post-21340","1":"product","2":"type-product","3":"status-publish","4":"has-post-thumbnail","6":"product_cat-03-weisswein","8":"first","9":"instock","10":"taxable","11":"shipping-taxable","12":"purchasable","13":"product-type-simple"},"_links":{"self":[{"href":"https:\/\/weinhelp7.de\/WeingutWeber\/catalog\/index.php?rest_route=\/wp\/v2\/product\/21340","targetHints":{"allow":["GET"]}}],"collection":[{"href":"https:\/\/weinhelp7.de\/WeingutWeber\/catalog\/index.php?rest_route=\/wp\/v2\/product"}],"about":[{"href":"https:\/\/weinhelp7.de\/WeingutWeber\/catalog\/index.php?rest_route=\/wp\/v2\/types\/product"}],"replies":[{"embeddable":true,"href":"https:\/\/weinhelp7.de\/WeingutWeber\/catalog\/index.php?rest_route=%2Fwp%2Fv2%2Fcomments&post=21340"}],"wp:featuredmedia":[{"embeddable":true,"href":"https:\/\/weinhelp7.de\/WeingutWeber\/catalog\/index.php?rest_route=\/wp\/v2\/media\/20935"}],"wp:attachment":[{"href":"https:\/\/weinhelp7.de\/WeingutWeber\/catalog\/index.php?rest_route=%2Fwp%2Fv2%2Fmedia&parent=21340"}],"wp:term":[{"taxonomy":"product_brand","embeddable":true,"href":"https:\/\/weinhelp7.de\/WeingutWeber\/catalog\/index.php?rest_route=%2Fwp%2Fv2%2Fproduct_brand&post=21340"},{"taxonomy":"product_cat","embeddable":true,"href":"https:\/\/weinhelp7.de\/WeingutWeber\/catalog\/index.php?rest_route=%2Fwp%2Fv2%2Fproduct_cat&post=21340"},{"taxonomy":"product_tag","embeddable":true,"href":"https:\/\/weinhelp7.de\/WeingutWeber\/catalog\/index.php?rest_route=%2Fwp%2Fv2%2Fproduct_tag&post=21340"}],"curies":[{"name":"wp","href":"https:\/\/api.w.org\/{rel}","templated":true}]}}